{"id":2419,"date":"2024-06-08T10:10:44","date_gmt":"2024-06-08T15:10:44","guid":{"rendered":"http:\/\/itesut.edu.ec\/?page_id=2419"},"modified":"2024-11-11T12:21:17","modified_gmt":"2024-11-11T17:21:17","slug":"tecnologia-superior-en-administracion-financiera","status":"publish","type":"page","link":"https:\/\/itesut.edu.ec\/?page_id=2419","title":{"rendered":"Tecnolog\u00eda Superior en Administraci\u00f3n Financiera"},"content":{"rendered":"\t\t<div data-elementor-type=\"wp-page\" data-elementor-id=\"2419\" class=\"elementor elementor-2419\">\n\t\t\t\t<div class=\"elementor-element elementor-element-5f667933 e-flex e-con-boxed e-con e-parent\" data-id=\"5f667933\" data-element_type=\"container\" data-settings=\"{&quot;background_background&quot;:&quot;classic&quot;}\">\n\t\t\t\t\t<div class=\"e-con-inner\">\n\t\t<div class=\"elementor-element elementor-element-80dd738 e-flex e-con-boxed e-con e-child\" data-id=\"80dd738\" data-element_type=\"container\">\n\t\t\t\t\t<div class=\"e-con-inner\">\n\t\t\t\t<div class=\"elementor-element elementor-element-4872f3cb elementor-widget__width-initial elementor-absolute elementor-widget elementor-widget-heading\" data-id=\"4872f3cb\" data-element_type=\"widget\" data-settings=\"{&quot;_position&quot;:&quot;absolute&quot;}\" data-widget_type=\"heading.default\">\n\t\t\t\t<div class=\"elementor-widget-container\">\n\t\t\t<style>\/*! elementor - v3.21.0 - 26-05-2024 *\/\n.elementor-heading-title{padding:0;margin:0;line-height:1}.elementor-widget-heading .elementor-heading-title[class*=elementor-size-]>a{color:inherit;font-size:inherit;line-height:inherit}.elementor-widget-heading .elementor-heading-title.elementor-size-small{font-size:15px}.elementor-widget-heading .elementor-heading-title.elementor-size-medium{font-size:19px}.elementor-widget-heading .elementor-heading-title.elementor-size-large{font-size:29px}.elementor-widget-heading .elementor-heading-title.elementor-size-xl{font-size:39px}.elementor-widget-heading .elementor-heading-title.elementor-size-xxl{font-size:59px}<\/style><h1 class=\"elementor-heading-title elementor-size-default\">TECNOLOG\u00cdA ADMINISTRACI\u00d3N FINANCIERA<\/h1>\t\t<\/div>\n\t\t\t\t<\/div>\n\t\t\t\t\t<\/div>\n\t\t\t\t<\/div>\n\t\t\t\t\t<\/div>\n\t\t\t\t<\/div>\n\t\t<div class=\"elementor-element elementor-element-2c9dce24 e-flex e-con-boxed e-con e-parent\" data-id=\"2c9dce24\" data-element_type=\"container\">\n\t\t\t\t\t<div class=\"e-con-inner\">\n\t\t<div class=\"elementor-element elementor-element-71cfec8e e-con-full e-flex e-con e-child\" data-id=\"71cfec8e\" data-element_type=\"container\">\n\t\t\t\t<\/div>\n\t\t<div class=\"elementor-element elementor-element-63ecc54a e-con-full e-flex e-con e-child\" data-id=\"63ecc54a\" data-element_type=\"container\">\n\t\t\t\t<div class=\"elementor-element elementor-element-64877307 elementor-widget__width-initial elementor-widget elementor-widget-text-editor\" data-id=\"64877307\" data-element_type=\"widget\" data-widget_type=\"text-editor.default\">\n\t\t\t\t<div class=\"elementor-widget-container\">\n\t\t\t<style>\/*! elementor - v3.21.0 - 26-05-2024 *\/\n.elementor-widget-text-editor.elementor-drop-cap-view-stacked .elementor-drop-cap{background-color:#69727d;color:#fff}.elementor-widget-text-editor.elementor-drop-cap-view-framed .elementor-drop-cap{color:#69727d;border:3px solid;background-color:transparent}.elementor-widget-text-editor:not(.elementor-drop-cap-view-default) .elementor-drop-cap{margin-top:8px}.elementor-widget-text-editor:not(.elementor-drop-cap-view-default) .elementor-drop-cap-letter{width:1em;height:1em}.elementor-widget-text-editor .elementor-drop-cap{float:left;text-align:center;line-height:1;font-size:50px}.elementor-widget-text-editor .elementor-drop-cap-letter{display:inline-block}<\/style>\t\t\t\t<p><span style=\"color: #003366;\"><strong>Duraci\u00f3n:<\/strong><\/span><br \/><img decoding=\"async\" src=\"https:\/\/itesut.edu.ec\/wp-content\/uploads\/2024\/05\/MAESTRIA-TRANSPORTE-03.png\" alt=\"\" width=\"61\" height=\"61\" \/><span style=\"color: #008000;\">2 a\u00f1os (4 semestres)<\/span><\/p><p>\u00a0<\/p><p><span style=\"color: #003366;\"><strong>Modalidad:<\/strong><\/span><br \/><span style=\"color: #000000;\"><img decoding=\"async\" class=\"alignnone wp-image-1877\" src=\"https:\/\/itesut.edu.ec\/wp-content\/uploads\/2024\/05\/MAESTRIA-TRANSPORTE-04.png\" alt=\"\" width=\"61\" height=\"61\" \/><\/span><span style=\"color: #008000;\">100% online<\/span><\/p>\t\t\t\t\t\t<\/div>\n\t\t\t\t<\/div>\n\t\t\t\t<\/div>\n\t\t<div class=\"elementor-element elementor-element-41f08c3 e-con-full e-flex e-con e-child\" data-id=\"41f08c3\" data-element_type=\"container\">\n\t\t\t\t<div class=\"elementor-element elementor-element-3d7b36d0 elementor-widget__width-initial elementor-widget elementor-widget-text-editor\" data-id=\"3d7b36d0\" data-element_type=\"widget\" data-widget_type=\"text-editor.default\">\n\t\t\t\t<div class=\"elementor-widget-container\">\n\t\t\t\t\t\t\t<p><a href=\"https:\/\/s1.sgacloud.net\/estudiantes\/itesut\"><img decoding=\"async\" class=\"alignnone wp-image-1878\" src=\"https:\/\/itesut.edu.ec\/wp-content\/uploads\/2024\/05\/MAESTRIA-TRANSPORTE-05.png\" alt=\"\" width=\"61\" height=\"61\" \/><\/a> \u00a0 <a href=\"https:\/\/s1.sgacloud.net\/estudiantes\/itesut\">Matriculaci\u00f3n en l\u00ednea aqu\u00ed<\/a><\/p><p><a href=\"https:\/\/itesut.edu.ec\/pago-online\/\" data-wplink-url-error=\"true\"><img loading=\"lazy\" decoding=\"async\" class=\"alignnone wp-image-1879\" src=\"https:\/\/itesut.edu.ec\/wp-content\/uploads\/2024\/05\/MAESTRIA-TRANSPORTE-06.png\" alt=\"\" width=\"61\" height=\"61\" \/><\/a> \u00a0 <a href=\"https:\/\/itesut.edu.ec\/?page_id=2001\">Pagos en l\u00ednea aqu\u00ed<\/a><\/p><p><a href=\"https:\/\/api.whatsapp.com\/send?phone=593996396301&amp;text=Gracias%20por%20comunicarte%20con%20ITESUT\"><img loading=\"lazy\" decoding=\"async\" class=\"alignnone wp-image-1880\" src=\"https:\/\/itesut.edu.ec\/wp-content\/uploads\/2024\/05\/MAESTRIA-TRANSPORTE-07.png\" alt=\"\" width=\"61\" height=\"61\" \/><\/a> \u00a0 <a href=\"https:\/\/api.whatsapp.com\/send?phone=593996396301&amp;text=Gracias%20por%20comunicarte%20con%20ITESUT\" target=\"_blank\" rel=\"noopener\">Consultas whatsapp<\/a><\/p>\t\t\t\t\t\t<\/div>\n\t\t\t\t<\/div>\n\t\t\t\t<\/div>\n\t\t\t\t\t<\/div>\n\t\t\t\t<\/div>\n\t\t<div class=\"elementor-element elementor-element-4f8cc72c e-flex e-con-boxed e-con e-parent\" data-id=\"4f8cc72c\" data-element_type=\"container\">\n\t\t\t\t\t<div class=\"e-con-inner\">\n\t\t\t\t<div class=\"elementor-element elementor-element-cfd99e6 elementor-widget__width-inherit elementor-widget elementor-widget-eael-adv-tabs\" data-id=\"cfd99e6\" data-element_type=\"widget\" data-widget_type=\"eael-adv-tabs.default\">\n\t\t\t\t<div class=\"elementor-widget-container\">\n\t\t\t        <div data-scroll-on-click=\"\" data-scroll-speed=\"300\" id=\"eael-advance-tabs-cfd99e6\" class=\"eael-advance-tabs eael-tabs-vertical eael-tab-auto-active \" data-tabid=\"cfd99e6\">\n            <div class=\"eael-tabs-nav\">\n                <ul class=\"eael-tab-inline-icon\" role=\"tablist\">\n                                            <li id=\"informacin-\" class=\"inactive eael-tab-item-trigger\" aria-selected=\"true\" data-tab=\"1\" role=\"tab\" tabindex=\"0\" aria-controls=\"informacin--tab\" aria-expanded=\"false\">\n                            \n                                                        \n                                                            <span class=\"eael-tab-title  title-after-icon\">INFORMACI\u00d3N <\/span>                            \n                                                    <\/li>\n                                            <li id=\"requisitos-\" class=\"inactive eael-tab-item-trigger\" aria-selected=\"false\" data-tab=\"2\" role=\"tab\" tabindex=\"-1\" aria-controls=\"requisitos--tab\" aria-expanded=\"false\">\n                            \n                                                        \n                                                            <span class=\"eael-tab-title  title-after-icon\">REQUISITOS <\/span>                            \n                                                    <\/li>\n                                            <li id=\"programa-de-validacin-\" class=\"inactive eael-tab-item-trigger\" aria-selected=\"false\" data-tab=\"3\" role=\"tab\" tabindex=\"-1\" aria-controls=\"programa-de-validacin--tab\" aria-expanded=\"false\">\n                            \n                                                        \n                                                            <span class=\"eael-tab-title  title-after-icon\">PROGRAMA DE VALIDACI\u00d3N <\/span>                            \n                                                    <\/li>\n                                            <li id=\"malla-curricular\" class=\"inactive eael-tab-item-trigger\" aria-selected=\"false\" data-tab=\"4\" role=\"tab\" tabindex=\"-1\" aria-controls=\"malla-curricular-tab\" aria-expanded=\"false\">\n                            \n                                                        \n                                                            <span class=\"eael-tab-title  title-after-icon\">MALLA CURRICULAR<\/span>                            \n                                                    <\/li>\n                                    <\/ul>\n            <\/div>\n            \n            <div class=\"eael-tabs-content\">\n\t\t        \n                    <div id=\"informacin--tab\" class=\"clearfix eael-tab-content-item inactive\" data-title-link=\"informacin--tab\">\n\t\t\t\t        \t\t\t\t\t        <p align=\"justify\">La administraci\u00f3n financiera representa un \u00e1rea fundamental en el desarrollo productivo ya que es el \u00fanico mecanismo que permite maximizar el patrimonio de una empresa, optimizando el manejo de sus recursos financieros para el logro de objetivos e incrementaci\u00f3n de la eficacia y rentabilidad.<\/p><p align=\"justify\">En este sentido el Instituto Tecnol\u00f3gico Superior del Transporte (ITESUT) presenta su nueva carrera Tecnolog\u00eda Superior en Administraci\u00f3n Financiera, que permitir\u00e1 formar profesionales lo suficientemente capaces de planear, producir, controlar y dirigir la vida econ\u00f3mica, de un sector productivo.<\/p><p align=\"justify\">La Tecnolog\u00eda Superior en Administraci\u00f3n Financiera identifica los diferentes tipos de cuenta desde su apertura y manejo continuo hasta el cierre de la misma, propone una aplicaci\u00f3n de documentaci\u00f3n habilitante, cumplimiento de pol\u00edticas internas y normativas legales y la utilizaci\u00f3n de sistemas inform\u00e1ticos espec\u00edficos de las Instituciones Financieras a fin de brindar una atenci\u00f3n de calidad al cliente, logrando su satisfacci\u00f3n.<\/p><p align=\"justify\">Comprende una basta explicaci\u00f3n de los fundamentos, estructura, herramientas y elementos de la contabilidad de aplicada a las finanzas, contribuyendo de esta manera a la toma de decisiones operativas y estrat\u00e9gicas adecuadas para una gesti\u00f3n eficiente de la instituci\u00f3n financiera, mediante herramientas, t\u00e9cnicas y buenas pr\u00e1cticas en el servicio financiero brindando una atenci\u00f3n de calidad a los clientes internos y externos de las instituciones financieras para lograr la satisfacci\u00f3n en el servicio recibido.<\/p>\t\t\t\t                            <\/div>\n\t\t        \n                    <div id=\"requisitos--tab\" class=\"clearfix eael-tab-content-item inactive\" data-title-link=\"requisitos--tab\">\n\t\t\t\t        \t\t\t\t\t        <ol><li>C\u00e9dula y papeleta de votaci\u00f3n actualizada y a color (documentos escaneados)<\/li><li>T\u00edtulo de bachiller (documento escaneado) Si no dispone de su t\u00edtulo en f\u00edsico puede descargarlo del siguiente enlace: <a href=\"https:\/\/servicios.educacion.gob.ec\/titulacion25-web\/faces\/paginas\/consulta-titulos-refrendados.xhtml\">https:\/\/servicios.educacion.gob.ec\/titulacion25-web\/faces\/paginas\/consulta-titulos-refrendados.xhtml<\/a><\/li><li>Foto tama\u00f1o carnet (en digital)<\/li><\/ol><h6>\u00a0<\/h6><h6><span style=\"color: #000000;\">Pasos<\/span><\/h6><ol><li>Crear una cuenta institucional en el siguiente link: <a href=\"https:\/\/s1.sgacloud.net\/estudiantes\/itesut\">https:\/\/s1.sgacloud.net\/estudiantes\/itesut<\/a><\/li><li>Llenar los campos obligatorios<\/li><li>Seleccionar\u00a0 \u00abEstoy de acuerdo\u00bb y clic en\u00a0\u00abINSCRIBIRME\u00bb<\/li><\/ol><p>*Si tiene dudas sobre el proceso de inscripci\u00f3n en l\u00ednea puede ver este tutorial en <a href=\"https:\/\/itesut.edu.ec\/?page_id=1946\">Videos y Gu\u00edas<\/a><\/p><p>*Los valores se puede cancelar mediante Dep\u00f3sito Bancario, Transferencia, Tarjetas de Cr\u00e9dito (VISA \u2013 MASTERCARD \u2013 DINERS ) y PayPal. DEP\u00d3STIO O TRANSFERENCIA A: Banco de Guayaquil 41205580 ITESUT Ruc:1792064538001 correo info@itesut.edu.ec.<\/p>\t\t\t\t                            <\/div>\n\t\t        \n                    <div id=\"programa-de-validacin--tab\" class=\"clearfix eael-tab-content-item inactive\" data-title-link=\"programa-de-validacin--tab\">\n\t\t\t\t        \t\t\t\t\t        <h6><span style=\"color: #000000;\"><strong>Requisitos:<\/strong><\/span><\/h6><ol><li>\u00a0C\u00e9dula y papeleta de votaci\u00f3n actualizada y a color (documentos escaneados)<\/li><li>T\u00edtulo de bachiller (documento escaneado) Si no dispone de su t\u00edtulo en f\u00edsico puede descargarlo del siguiente enlace: <a href=\"http:\/\/servicios.educacion.gob.ec\/titulacion25-web\/faces\/paginas\/consulta-titulos-refrendados.xhtml\">https:\/\/servicios.educacion.gob.ec\/titulacion25-web\/faces\/paginas\/consulta-titulos-refrendados.xhtml<\/a><\/li><li>Foto tama\u00f1o carnet (en digital)<\/li><li>Certificado de 3 a\u00f1os de experiencia en el campo de conocimientos (documento escaneado)<\/li><li>Carta solicitando al Instituto para ingresar al programa validaci\u00f3n de conocimientos<\/li><\/ol><h6><span style=\"color: #000000;\"><strong>Pasos:<\/strong><\/span><\/h6><ol><li>Crear una cuenta institucional en el siguiente link: <a href=\"https:\/\/s1.sgacloud.net\/estudiantes\/itesut\">https:\/\/s1.sgacloud.net\/estudiantes\/itesut<\/a><\/li><li>Llenar los campos obligatorios<\/li><li>Seleccionar\u00a0 \u00abEstoy de acuerdo\u00bb y clic en\u00a0\u00abINSCRIBIRME\u00bb<\/li><\/ol><p>*Si tiene dudas sobre el proceso de inscripci\u00f3n en l\u00ednea puede ver este tutorial en <a href=\"https:\/\/itesut.edu.ec\/?page_id=1946\">Videos y Gu\u00edas<\/a><\/p><p>*Los valores se puede cancelar mediante Dep\u00f3sito Bancario, Transferencia, Tarjetas de Cr\u00e9dito (VISA \u2013 MASTERCARD \u2013 DINERS ) y PayPal.<\/p>\t\t\t\t                            <\/div>\n\t\t        \n                    <div id=\"malla-curricular-tab\" class=\"clearfix eael-tab-content-item inactive\" data-title-link=\"malla-curricular-tab\">\n\t\t\t\t        \t\t\t\t\t        <p><img loading=\"lazy\" decoding=\"async\" class=\"alignnone wp-image-4327 size-full\" src=\"https:\/\/itesut.edu.ec\/wp-content\/uploads\/2024\/09\/TECNOLOGIA-SUPERIOR-.png\" alt=\"\" width=\"843\" height=\"596\" srcset=\"https:\/\/itesut.edu.ec\/wp-content\/uploads\/2024\/09\/TECNOLOGIA-SUPERIOR-.png 843w, https:\/\/itesut.edu.ec\/wp-content\/uploads\/2024\/09\/TECNOLOGIA-SUPERIOR--300x212.png 300w, https:\/\/itesut.edu.ec\/wp-content\/uploads\/2024\/09\/TECNOLOGIA-SUPERIOR--768x543.png 768w, https:\/\/itesut.edu.ec\/wp-content\/uploads\/2024\/09\/TECNOLOGIA-SUPERIOR--600x424.png 600w, https:\/\/itesut.edu.ec\/wp-content\/uploads\/2024\/09\/TECNOLOGIA-SUPERIOR--64x45.png 64w\" sizes=\"(max-width: 843px) 100vw, 843px\" \/><\/p>\t\t\t\t                            <\/div>\n\t\t                    <\/div>\n        <\/div>\n\t\t<\/div>\n\t\t\t\t<\/div>\n\t\t\t\t\t<\/div>\n\t\t\t\t<\/div>\n\t\t<div class=\"elementor-element elementor-element-2847d8ea e-flex e-con-boxed e-con e-parent\" data-id=\"2847d8ea\" data-element_type=\"container\">\n\t\t\t\t\t<div class=\"e-con-inner\">\n\t\t<div class=\"elementor-element elementor-element-16234a4a e-con-full e-flex e-con e-child\" data-id=\"16234a4a\" data-element_type=\"container\">\n\t\t\t\t<div class=\"elementor-element elementor-element-2b4f1d22 elementor-widget elementor-widget-heading\" data-id=\"2b4f1d22\" data-element_type=\"widget\" data-widget_type=\"heading.default\">\n\t\t\t\t<div class=\"elementor-widget-container\">\n\t\t\t<h4 class=\"elementor-heading-title elementor-size-default\">M\u00e1s Tecnolog\u00edas<\/h4>\t\t<\/div>\n\t\t\t\t<\/div>\n\t\t\t\t<div class=\"elementor-element elementor-element-617a6093 animated-slow e-transform elementor-invisible elementor-widget elementor-widget-eael-image-accordion\" data-id=\"617a6093\" data-element_type=\"widget\" data-settings=\"{&quot;_animation&quot;:&quot;zoomIn&quot;,&quot;_transform_rotateZ_effect_hover&quot;:{&quot;unit&quot;:&quot;px&quot;,&quot;size&quot;:&quot;&quot;,&quot;sizes&quot;:[]},&quot;_transform_rotateZ_effect_hover_tablet&quot;:{&quot;unit&quot;:&quot;deg&quot;,&quot;size&quot;:&quot;&quot;,&quot;sizes&quot;:[]},&quot;_transform_rotateZ_effect_hover_mobile&quot;:{&quot;unit&quot;:&quot;deg&quot;,&quot;size&quot;:&quot;&quot;,&quot;sizes&quot;:[]}}\" data-widget_type=\"eael-image-accordion.default\">\n\t\t\t\t<div class=\"elementor-widget-container\">\n\t\t\t    <div class=\"eael-img-accordion accordion-direction-horizontal eael-img-accordion-horizontal-align-center eael-img-accordion-vertical-align-center\" id=\"eael-img-accordion-617a6093\" data-img-accordion-id=\"617a6093\" data-img-accordion-type=\"on-hover\">\n                    \n            <div class=\"eael-image-accordion-hover eael-image-accordion-item\" style=\"background-image: url(https:\/\/itesut.edu.ec\/wp-content\/uploads\/2024\/05\/MAESTRIA-TRANSPORTE-08.png);\"  tabindex=\"0\">\n                <div class=\"overlay\">\n                    <div class=\"overlay-inner \">\n                                                    <p><h3><a href=\"https:\/\/itesut.edu.ec\/?page_id=2402\"><span style=\"color: #ffffff;\"><strong>T\u00e9cnico Superior<\/strong><\/span><\/a><br \/><span style=\"color: #ffffff;\"><strong>En Enfermer\u00eda<\/strong><\/span><\/h3><\/p>\n                                            <\/div>\n                <\/div>\n            <\/div>\n                    \n            <div class=\"eael-image-accordion-hover eael-image-accordion-item\" style=\"background-image: url(https:\/\/itesut.edu.ec\/wp-content\/uploads\/2024\/05\/MAESTRIA-TRANSPORTE-09.png);\"  tabindex=\"0\">\n                <div class=\"overlay\">\n                    <div class=\"overlay-inner \">\n                                                    <p><h3><a href=\"https:\/\/itesut.edu.ec\/?page_id=2418\"><span style=\"color: #ffffff;\"><strong>Tecnolog\u00eda<\/strong><\/span><\/a><br \/><span style=\"color: #ffffff;\"><strong>Comercio Exterior<\/strong><\/span><\/h3><\/p>\n                                            <\/div>\n                <\/div>\n            <\/div>\n                    \n            <div class=\"eael-image-accordion-hover eael-image-accordion-item\" style=\"background-image: url(https:\/\/itesut.edu.ec\/wp-content\/uploads\/2024\/05\/MAESTRIA-TRANSPORTE-10.png);\"  tabindex=\"0\">\n                <div class=\"overlay\">\n                    <div class=\"overlay-inner \">\n                                                    <p><h3><a href=\"https:\/\/itesut.edu.ec\/?page_id=2382\"><span style=\"color: #ffffff;\"><strong>Tecnolog\u00eda En<\/strong><\/span><\/a><br \/><span style=\"color: #ffffff;\"><strong>Mec\u00e1nica Automotriz<\/strong><\/span><\/h3><\/p>\n                                            <\/div>\n                <\/div>\n            <\/div>\n                    \n            <div class=\"eael-image-accordion-hover eael-image-accordion-item\" style=\"background-image: url(https:\/\/itesut.edu.ec\/wp-content\/uploads\/2024\/05\/ITESUT-INICIO-22.png);\"  tabindex=\"0\">\n                <div class=\"overlay\">\n                    <div class=\"overlay-inner \">\n                                                    <p><h3><a href=\"https:\/\/itesut.edu.ec\/?page_id=2417\"><strong><span style=\"color: #ffffff;\">Marketing Digital y Comercio Exterior<\/span><\/strong><\/a><\/h3><\/p>\n                                            <\/div>\n                <\/div>\n            <\/div>\n                <\/div>\n        <style typr=\"text\/css\">\n                    #eael-img-accordion-617a6093 .eael-image-accordion-hover:hover {\n                        flex: 3 1 0% !important;\n                    }\n                    #eael-img-accordion-617a6093 .eael-image-accordion-hover:hover:hover .overlay-inner * {\n                        opacity: 1;\n                        visibility: visible;\n                        transform: none;\n                        transition: all .3s .3s;\n                    }\n                <\/style>\t\t<\/div>\n\t\t\t\t<\/div>\n\t\t\t\t<\/div>\n\t\t\t\t\t<\/div>\n\t\t\t\t<\/div>\n\t\t\t\t<\/div>\n\t\t","protected":false},"excerpt":{"rendered":"<p>TECNOLOG\u00cdA ADMINISTRACI\u00d3N FINANCIERA Duraci\u00f3n:2 a\u00f1os (4 semestres) \u00a0 Modalidad:100% online \u00a0 Matriculaci\u00f3n en l\u00ednea aqu\u00ed \u00a0 Pagos en l\u00ednea aqu\u00ed \u00a0 Consultas whatsapp INFORMACI\u00d3N REQUISITOS PROGRAMA DE VALIDACI\u00d3N MALLA CURRICULAR La administraci\u00f3n financiera representa un \u00e1rea fundamental en el desarrollo productivo ya que es el \u00fanico mecanismo que permite maximizar el patrimonio de una empresa, [&hellip;]<\/p>\n","protected":false},"author":1,"featured_media":0,"parent":0,"menu_order":0,"comment_status":"closed","ping_status":"closed","template":"","meta":{"_uag_custom_page_level_css":"","site-sidebar-layout":"no-sidebar","site-content-layout":"page-builder","ast-site-content-layout":"full-width-container","site-content-style":"default","site-sidebar-style":"default","ast-global-header-display":"","ast-banner-title-visibility":"","ast-main-header-display":"","ast-hfb-above-header-display":"","ast-hfb-below-header-display":"","ast-hfb-mobile-header-display":"","site-post-title":"disabled","ast-breadcrumbs-content":"","ast-featured-img":"disabled","footer-sml-layout":"","theme-transparent-header-meta":"","adv-header-id-meta":"","stick-header-meta":"","header-above-stick-meta":"","header-main-stick-meta":"","header-below-stick-meta":"","astra-migrate-meta-layouts":"default","ast-page-background-enabled":"default","ast-page-background-meta":{"desktop":{"background-color":"var(--ast-global-color-4)","background-image":"","background-repeat":"repeat","background-position":"center center","background-size":"auto","background-attachment":"scroll","background-type":"","background-media":"","overlay-type":"","overlay-color":"","overlay-opacity":"","overlay-gradient":""},"tablet":{"background-color":"","background-image":"","background-repeat":"repeat","background-position":"center center","background-size":"auto","background-attachment":"scroll","background-type":"","background-media":"","overlay-type":"","overlay-color":"","overlay-opacity":"","overlay-gradient":""},"mobile":{"background-color":"","background-image":"","background-repeat":"repeat","background-position":"center center","background-size":"auto","background-attachment":"scroll","background-type":"","background-media":"","overlay-type":"","overlay-color":"","overlay-opacity":"","overlay-gradient":""}},"ast-content-background-meta":{"desktop":{"background-color":"var(--ast-global-color-5)","background-image":"","background-repeat":"repeat","background-position":"center center","background-size":"auto","background-attachment":"scroll","background-type":"","background-media":"","overlay-type":"","overlay-color":"","overlay-opacity":"","overlay-gradient":""},"tablet":{"background-color":"var(--ast-global-color-5)","background-image":"","background-repeat":"repeat","background-position":"center center","background-size":"auto","background-attachment":"scroll","background-type":"","background-media":"","overlay-type":"","overlay-color":"","overlay-opacity":"","overlay-gradient":""},"mobile":{"background-color":"var(--ast-global-color-5)","background-image":"","background-repeat":"repeat","background-position":"center center","background-size":"auto","background-attachment":"scroll","background-type":"","background-media":"","overlay-type":"","overlay-color":"","overlay-opacity":"","overlay-gradient":""}},"footnotes":""},"class_list":["post-2419","page","type-page","status-publish","hentry"],"uagb_featured_image_src":{"full":false,"thumbnail":false,"medium":false,"medium_large":false,"large":false,"1536x1536":false,"2048x2048":false,"woocommerce_thumbnail":false,"woocommerce_single":false,"woocommerce_gallery_thumbnail":false,"dgwt-wcas-product-suggestion":false},"uagb_author_info":{"display_name":"lmhf","author_link":"https:\/\/itesut.edu.ec\/?author=1"},"uagb_comment_info":0,"uagb_excerpt":"TECNOLOG\u00cdA ADMINISTRACI\u00d3N FINANCIERA Duraci\u00f3n:2 a\u00f1os (4 semestres) \u00a0 Modalidad:100% online \u00a0 Matriculaci\u00f3n en l\u00ednea aqu\u00ed \u00a0 Pagos en l\u00ednea aqu\u00ed \u00a0 Consultas whatsapp INFORMACI\u00d3N REQUISITOS PROGRAMA DE VALIDACI\u00d3N MALLA CURRICULAR La administraci\u00f3n financiera representa un \u00e1rea fundamental en el desarrollo productivo ya que es el \u00fanico mecanismo que permite maximizar el patrimonio de una empresa,&hellip;","_links":{"self":[{"href":"https:\/\/itesut.edu.ec\/index.php?rest_route=\/wp\/v2\/pages\/2419","targetHints":{"allow":["GET"]}}],"collection":[{"href":"https:\/\/itesut.edu.ec\/index.php?rest_route=\/wp\/v2\/pages"}],"about":[{"href":"https:\/\/itesut.edu.ec\/index.php?rest_route=\/wp\/v2\/types\/page"}],"author":[{"embeddable":true,"href":"https:\/\/itesut.edu.ec\/index.php?rest_route=\/wp\/v2\/users\/1"}],"replies":[{"embeddable":true,"href":"https:\/\/itesut.edu.ec\/index.php?rest_route=%2Fwp%2Fv2%2Fcomments&post=2419"}],"version-history":[{"count":46,"href":"https:\/\/itesut.edu.ec\/index.php?rest_route=\/wp\/v2\/pages\/2419\/revisions"}],"predecessor-version":[{"id":4526,"href":"https:\/\/itesut.edu.ec\/index.php?rest_route=\/wp\/v2\/pages\/2419\/revisions\/4526"}],"wp:attachment":[{"href":"https:\/\/itesut.edu.ec\/index.php?rest_route=%2Fwp%2Fv2%2Fmedia&parent=2419"}],"curies":[{"name":"wp","href":"https:\/\/api.w.org\/{rel}","templated":true}]}}