{"id":2417,"date":"2024-06-08T10:10:44","date_gmt":"2024-06-08T15:10:44","guid":{"rendered":"http:\/\/itesut.edu.ec\/?page_id=2417"},"modified":"2026-02-28T11:32:04","modified_gmt":"2026-02-28T17:32:04","slug":"tecnologia-superior-en-marketing-digital-y-comercio-electronico","status":"publish","type":"page","link":"https:\/\/itesut.edu.ec\/?page_id=2417","title":{"rendered":"Tecnolog\u00eda Superior en Marketing Digital y Comercio Electr\u00f3nico"},"content":{"rendered":"\t\t<div data-elementor-type=\"wp-page\" data-elementor-id=\"2417\" class=\"elementor elementor-2417\">\n\t\t\t\t<div class=\"elementor-element elementor-element-3c2dd6b4 e-flex e-con-boxed e-con e-parent\" data-id=\"3c2dd6b4\" data-element_type=\"container\" data-settings=\"{&quot;background_background&quot;:&quot;classic&quot;}\">\n\t\t\t\t\t<div class=\"e-con-inner\">\n\t\t<div class=\"elementor-element elementor-element-12354ebb e-flex e-con-boxed e-con e-child\" data-id=\"12354ebb\" data-element_type=\"container\">\n\t\t\t\t\t<div class=\"e-con-inner\">\n\t\t\t\t<div class=\"elementor-element elementor-element-5ec8f8c7 elementor-widget__width-initial elementor-absolute elementor-widget elementor-widget-heading\" data-id=\"5ec8f8c7\" data-element_type=\"widget\" data-settings=\"{&quot;_position&quot;:&quot;absolute&quot;}\" data-widget_type=\"heading.default\">\n\t\t\t\t<div class=\"elementor-widget-container\">\n\t\t\t<style>\/*! elementor - v3.21.0 - 26-05-2024 *\/\n.elementor-heading-title{padding:0;margin:0;line-height:1}.elementor-widget-heading .elementor-heading-title[class*=elementor-size-]>a{color:inherit;font-size:inherit;line-height:inherit}.elementor-widget-heading .elementor-heading-title.elementor-size-small{font-size:15px}.elementor-widget-heading .elementor-heading-title.elementor-size-medium{font-size:19px}.elementor-widget-heading .elementor-heading-title.elementor-size-large{font-size:29px}.elementor-widget-heading .elementor-heading-title.elementor-size-xl{font-size:39px}.elementor-widget-heading .elementor-heading-title.elementor-size-xxl{font-size:59px}<\/style><h1 class=\"elementor-heading-title elementor-size-default\">TECNOLOG\u00cdA EN MARKETING DIGITAL Y COMERCIO ELECTR\u00d3NICO<\/h1>\t\t<\/div>\n\t\t\t\t<\/div>\n\t\t\t\t\t<\/div>\n\t\t\t\t<\/div>\n\t\t\t\t\t<\/div>\n\t\t\t\t<\/div>\n\t\t<div class=\"elementor-element elementor-element-388b0dc8 e-flex e-con-boxed e-con e-parent\" data-id=\"388b0dc8\" data-element_type=\"container\">\n\t\t\t\t\t<div class=\"e-con-inner\">\n\t\t<div class=\"elementor-element elementor-element-7d5fedaf e-con-full e-flex e-con e-child\" data-id=\"7d5fedaf\" data-element_type=\"container\">\n\t\t\t\t<\/div>\n\t\t<div class=\"elementor-element elementor-element-7f17206 e-con-full e-flex e-con e-child\" data-id=\"7f17206\" data-element_type=\"container\">\n\t\t\t\t<div class=\"elementor-element elementor-element-2351279a elementor-widget__width-initial elementor-widget elementor-widget-text-editor\" data-id=\"2351279a\" data-element_type=\"widget\" data-widget_type=\"text-editor.default\">\n\t\t\t\t<div class=\"elementor-widget-container\">\n\t\t\t<style>\/*! elementor - v3.21.0 - 26-05-2024 *\/\n.elementor-widget-text-editor.elementor-drop-cap-view-stacked .elementor-drop-cap{background-color:#69727d;color:#fff}.elementor-widget-text-editor.elementor-drop-cap-view-framed .elementor-drop-cap{color:#69727d;border:3px solid;background-color:transparent}.elementor-widget-text-editor:not(.elementor-drop-cap-view-default) .elementor-drop-cap{margin-top:8px}.elementor-widget-text-editor:not(.elementor-drop-cap-view-default) .elementor-drop-cap-letter{width:1em;height:1em}.elementor-widget-text-editor .elementor-drop-cap{float:left;text-align:center;line-height:1;font-size:50px}.elementor-widget-text-editor .elementor-drop-cap-letter{display:inline-block}<\/style>\t\t\t\t<p><span style=\"color: #003366;\"><strong>Duraci\u00f3n:<\/strong><\/span><br \/><img decoding=\"async\" src=\"https:\/\/itesut.edu.ec\/wp-content\/uploads\/2024\/05\/MAESTRIA-TRANSPORTE-03.png\" alt=\"\" width=\"61\" height=\"61\" \/><span style=\"color: #008000;\">2 a\u00f1os (4 semestres)<\/span><\/p><p><span style=\"color: #003366;\"><strong>Modalidad:<\/strong><\/span><br \/><span style=\"color: #000000;\"><img decoding=\"async\" class=\"alignnone wp-image-1877\" src=\"https:\/\/itesut.edu.ec\/wp-content\/uploads\/2024\/05\/MAESTRIA-TRANSPORTE-04.png\" alt=\"\" width=\"61\" height=\"61\" \/><\/span><span style=\"color: #008000;\">100% online<\/span><\/p>\t\t\t\t\t\t<\/div>\n\t\t\t\t<\/div>\n\t\t\t\t<\/div>\n\t\t<div class=\"elementor-element elementor-element-69db546c e-con-full e-flex e-con e-child\" data-id=\"69db546c\" data-element_type=\"container\">\n\t\t\t\t<div class=\"elementor-element elementor-element-2157fb81 elementor-widget__width-initial elementor-widget elementor-widget-text-editor\" data-id=\"2157fb81\" data-element_type=\"widget\" data-widget_type=\"text-editor.default\">\n\t\t\t\t<div class=\"elementor-widget-container\">\n\t\t\t\t\t\t\t<p><a href=\"https:\/\/s1.sgacloud.net\/estudiantes\/itesut\"><img decoding=\"async\" class=\"alignnone wp-image-1878\" src=\"https:\/\/itesut.edu.ec\/wp-content\/uploads\/2024\/05\/MAESTRIA-TRANSPORTE-05.png\" alt=\"\" width=\"61\" height=\"61\" \/><\/a> \u00a0 <a href=\"https:\/\/s1.sgacloud.net\/estudiantes\/itesut\">Matriculaci\u00f3n en l\u00ednea aqu\u00ed<\/a><\/p><p><a href=\"https:\/\/itesut.edu.ec\/pago-online\/\" data-wplink-url-error=\"true\"><img loading=\"lazy\" decoding=\"async\" class=\"alignnone wp-image-1879\" src=\"https:\/\/itesut.edu.ec\/wp-content\/uploads\/2024\/05\/MAESTRIA-TRANSPORTE-06.png\" alt=\"\" width=\"61\" height=\"61\" \/><\/a> \u00a0 <a href=\"https:\/\/itesut.edu.ec\/?page_id=2001\">Pagos en l\u00ednea aqu\u00ed<\/a><\/p><p><a href=\"https:\/\/api.whatsapp.com\/send?phone=593996396301&amp;text=Gracias%20por%20comunicarte%20con%20ITESUT\"><img loading=\"lazy\" decoding=\"async\" class=\"alignnone wp-image-1880\" src=\"https:\/\/itesut.edu.ec\/wp-content\/uploads\/2024\/05\/MAESTRIA-TRANSPORTE-07.png\" alt=\"\" width=\"61\" height=\"61\" \/><\/a> \u00a0 <a href=\"https:\/\/api.whatsapp.com\/send?phone=593996396301&amp;text=Gracias%20por%20comunicarte%20con%20ITESUT\" target=\"_blank\" rel=\"noopener\">Consultas whatsapp<\/a><\/p>\t\t\t\t\t\t<\/div>\n\t\t\t\t<\/div>\n\t\t\t\t<\/div>\n\t\t\t\t\t<\/div>\n\t\t\t\t<\/div>\n\t\t<div class=\"elementor-element elementor-element-2f7a758c e-flex e-con-boxed e-con e-parent\" data-id=\"2f7a758c\" data-element_type=\"container\">\n\t\t\t\t\t<div class=\"e-con-inner\">\n\t\t\t\t<div class=\"elementor-element elementor-element-57e55165 elementor-widget__width-inherit elementor-widget elementor-widget-eael-adv-tabs\" data-id=\"57e55165\" data-element_type=\"widget\" data-widget_type=\"eael-adv-tabs.default\">\n\t\t\t\t<div class=\"elementor-widget-container\">\n\t\t\t        <div data-scroll-on-click=\"\" data-scroll-speed=\"300\" id=\"eael-advance-tabs-57e55165\" class=\"eael-advance-tabs eael-tabs-vertical eael-tab-auto-active \" data-tabid=\"57e55165\">\n            <div class=\"eael-tabs-nav\">\n                <ul class=\"eael-tab-inline-icon\" role=\"tablist\">\n                                            <li id=\"informacin-\" class=\"inactive eael-tab-item-trigger\" aria-selected=\"true\" data-tab=\"1\" role=\"tab\" tabindex=\"0\" aria-controls=\"informacin--tab\" aria-expanded=\"false\">\n                            \n                                                        \n                                                            <span class=\"eael-tab-title  title-after-icon\">INFORMACI\u00d3N <\/span>                            \n                                                    <\/li>\n                                            <li id=\"requisitos-\" class=\"inactive eael-tab-item-trigger\" aria-selected=\"false\" data-tab=\"2\" role=\"tab\" tabindex=\"-1\" aria-controls=\"requisitos--tab\" aria-expanded=\"false\">\n                            \n                                                        \n                                                            <span class=\"eael-tab-title  title-after-icon\">REQUISITOS <\/span>                            \n                                                    <\/li>\n                                            <li id=\"programa-de-validacin-\" class=\"inactive eael-tab-item-trigger\" aria-selected=\"false\" data-tab=\"3\" role=\"tab\" tabindex=\"-1\" aria-controls=\"programa-de-validacin--tab\" aria-expanded=\"false\">\n                            \n                                                        \n                                                            <span class=\"eael-tab-title  title-after-icon\">PROGRAMA DE VALIDACI\u00d3N <\/span>                            \n                                                    <\/li>\n                                            <li id=\"malla-curricular\" class=\"inactive eael-tab-item-trigger\" aria-selected=\"false\" data-tab=\"4\" role=\"tab\" tabindex=\"-1\" aria-controls=\"malla-curricular-tab\" aria-expanded=\"false\">\n                            \n                                                        \n                                                            <span class=\"eael-tab-title  title-after-icon\">MALLA CURRICULAR<\/span>                            \n                                                    <\/li>\n                                    <\/ul>\n            <\/div>\n            \n            <div class=\"eael-tabs-content\">\n\t\t        \n                    <div id=\"informacin--tab\" class=\"clearfix eael-tab-content-item inactive\" data-title-link=\"informacin--tab\">\n\t\t\t\t        \t\t\t\t\t        <div id=\"elementor-tab-content-1571\" class=\"elementor-tab-content elementor-clearfix elementor-active\" tabindex=\"0\" role=\"tabpanel\" data-tab=\"1\" aria-labelledby=\"elementor-tab-title-1571\"><p>Considerando su naturaleza vanguardista, el ITESUT abre las puertas a una nueva carrera que permitir\u00e1 formar profesionales en una de las \u00e1reas de mayor innovaci\u00f3n en la econom\u00eda actual y en la era digital.<\/p><p>La Carrera de Marketing y Comercio Electr\u00f3nico es una de las carreras que forma profesionales en una de las actividades clave en las organizaciones, puesto que de esta depende principalmente la consolidaci\u00f3n y crecimiento en los mercados locales e internacionales. El\u00a0Marketing y Comercio Electr\u00f3nico\u00a0es el proceso mediante el cual una organizaci\u00f3n se relaciona en forma creativa, productiva y rentable con el mercado.<\/p><p>La carrera de Marketing y Comercio Electr\u00f3nico, a diferencia de otras \u00e1reas de especializaci\u00f3n, se encuentra en una evoluci\u00f3n constante debido a que los mercados, las tendencias de consumo y la tecnolog\u00eda se encuentra en constante innovaci\u00f3n. Por tanto, es necesario formar profesionales con nuevos conceptos, nuevas estrategias y nuevas herramientas para poder mantener y desarrollar ventajas competitivas en el mercado. Nuestra carrera incluye nuevas formas de integrarse con el consumidor, nuevas t\u00e9cnicas de investigaci\u00f3n como el Neuromarketing, y nuevas estrategias de comercializaci\u00f3n como el\u00a0Marketing y Comercio Electr\u00f3nico.<\/p><h6><span style=\"color: #000000;\">CAMPO LABORAL<\/span><\/h6><p>Todas las empresas privadas cuentan con un departamento de\u00a0Marketing y Comercio Electr\u00f3nico\u00a0en el cual se distinguen diferentes posiciones como Gerente de Producto, Jefe de Marca, Jefe de Relaciones P\u00fablicas, Community Manager (Gerente de Mercadeo Digital), que pueden a su vez consolidar el recorrido de la carrera profesional llegando hasta posiciones como Gerente de Ventas o Gerente de Marketing. Contamos con convenios macro interinstitucionales que pueden facilitar la integraci\u00f3n de los estudiantes en cada una de las \u00e1reas en menci\u00f3n.<\/p><\/div>\t\t\t\t                            <\/div>\n\t\t        \n                    <div id=\"requisitos--tab\" class=\"clearfix eael-tab-content-item inactive\" data-title-link=\"requisitos--tab\">\n\t\t\t\t        \t\t\t\t\t        <ol><li>C\u00e9dula y papeleta de votaci\u00f3n actualizada y a color (documentos escaneados)<\/li><li>T\u00edtulo de bachiller (documento escaneado) Si no dispone de su t\u00edtulo en f\u00edsico puede descargarlo del siguiente enlace: <a href=\"https:\/\/servicios.educacion.gob.ec\/titulacion25-web\/faces\/paginas\/consulta-titulos-refrendados.xhtml\">https:\/\/servicios.educacion.gob.ec\/titulacion25-web\/faces\/paginas\/consulta-titulos-refrendados.xhtml<\/a><\/li><li>Foto tama\u00f1o carnet (en digital)<\/li><\/ol><h6>\u00a0<\/h6><h6><span style=\"color: #000000;\">Pasos<\/span><\/h6><ol><li>Crear una cuenta institucional en el siguiente link: <a href=\"https:\/\/s1.sgacloud.net\/estudiantes\/itesut\">https:\/\/s1.sgacloud.net\/estudiantes\/itesut<\/a><\/li><li>Llenar los campos obligatorios<\/li><li>Seleccionar\u00a0 \u00abEstoy de acuerdo\u00bb y clic en\u00a0\u00abINSCRIBIRME\u00bb<\/li><\/ol><p>*Si tiene dudas sobre el proceso de inscripci\u00f3n en l\u00ednea puede ver este tutorial en <a href=\"https:\/\/itesut.edu.ec\/?page_id=1946\">Videos y Gu\u00edas<\/a><\/p><p>*Los valores se puede cancelar mediante Dep\u00f3sito Bancario, Transferencia, Tarjetas de Cr\u00e9dito (VISA \u2013 MASTERCARD \u2013 DINERS ) y PayPal. DEP\u00d3STIO O TRANSFERENCIA A: Banco de Guayaquil 41205580 ITESUT Ruc:1792064538001 correo info@itesut.edu.ec.<\/p>\t\t\t\t                            <\/div>\n\t\t        \n                    <div id=\"programa-de-validacin--tab\" class=\"clearfix eael-tab-content-item inactive\" data-title-link=\"programa-de-validacin--tab\">\n\t\t\t\t        \t\t\t\t\t        <h6><span style=\"color: #000000;\"><strong>Requisitos:<\/strong><\/span><\/h6><ol><li>\u00a0C\u00e9dula y papeleta de votaci\u00f3n actualizada y a color (documentos escaneados)<\/li><li>T\u00edtulo de bachiller (documento escaneado) Si no dispone de su t\u00edtulo en f\u00edsico puede descargarlo del siguiente enlace: <a href=\"http:\/\/servicios.educacion.gob.ec\/titulacion25-web\/faces\/paginas\/consulta-titulos-refrendados.xhtml\">https:\/\/servicios.educacion.gob.ec\/titulacion25-web\/faces\/paginas\/consulta-titulos-refrendados.xhtml<\/a><\/li><li>Foto tama\u00f1o carnet (en digital)<\/li><li>Certificado de 3 a\u00f1os de experiencia en el campo de conocimientos (documento escaneado)<\/li><li>Carta solicitando al Instituto para ingresar al programa validaci\u00f3n de conocimientos<\/li><\/ol><h6><span style=\"color: #000000;\"><strong>Pasos:<\/strong><\/span><\/h6><ol><li>Crear una cuenta institucional en el siguiente link: <a href=\"https:\/\/s1.sgacloud.net\/estudiantes\/itesut\">https:\/\/s1.sgacloud.net\/estudiantes\/itesut<\/a><\/li><li>Llenar los campos obligatorios<\/li><li>Seleccionar\u00a0 \u00abEstoy de acuerdo\u00bb y clic en\u00a0\u00abINSCRIBIRME\u00bb<\/li><\/ol><p>*Si tiene dudas sobre el proceso de inscripci\u00f3n en l\u00ednea puede ver este tutorial en <a href=\"https:\/\/itesut.edu.ec\/?page_id=1946\">Videos y Gu\u00edas<\/a><\/p><p>*Los valores se puede cancelar mediante Dep\u00f3sito Bancario, Transferencia, Tarjetas de Cr\u00e9dito (VISA \u2013 MASTERCARD \u2013 DINERS ) y PayPal.<\/p>\t\t\t\t                            <\/div>\n\t\t        \n                    <div id=\"malla-curricular-tab\" class=\"clearfix eael-tab-content-item inactive\" data-title-link=\"malla-curricular-tab\">\n\t\t\t\t        \t\t\t\t\t        <p><img loading=\"lazy\" decoding=\"async\" class=\"aligncenter wp-image-5379 size-full\" src=\"https:\/\/itesut.edu.ec\/wp-content\/uploads\/2026\/02\/TECNOLOGIA-SUPERIOR-EN-MARKETING-DIGITAL.png\" alt=\"\" width=\"843\" height=\"597\" srcset=\"https:\/\/itesut.edu.ec\/wp-content\/uploads\/2026\/02\/TECNOLOGIA-SUPERIOR-EN-MARKETING-DIGITAL.png 843w, https:\/\/itesut.edu.ec\/wp-content\/uploads\/2026\/02\/TECNOLOGIA-SUPERIOR-EN-MARKETING-DIGITAL-300x212.png 300w, https:\/\/itesut.edu.ec\/wp-content\/uploads\/2026\/02\/TECNOLOGIA-SUPERIOR-EN-MARKETING-DIGITAL-768x544.png 768w, https:\/\/itesut.edu.ec\/wp-content\/uploads\/2026\/02\/TECNOLOGIA-SUPERIOR-EN-MARKETING-DIGITAL-600x425.png 600w, https:\/\/itesut.edu.ec\/wp-content\/uploads\/2026\/02\/TECNOLOGIA-SUPERIOR-EN-MARKETING-DIGITAL-64x45.png 64w\" sizes=\"(max-width: 843px) 100vw, 843px\" \/><\/p>\t\t\t\t                            <\/div>\n\t\t                    <\/div>\n        <\/div>\n\t\t<\/div>\n\t\t\t\t<\/div>\n\t\t\t\t\t<\/div>\n\t\t\t\t<\/div>\n\t\t<div class=\"elementor-element elementor-element-734879b2 e-flex e-con-boxed e-con e-parent\" data-id=\"734879b2\" data-element_type=\"container\">\n\t\t\t\t\t<div class=\"e-con-inner\">\n\t\t<div class=\"elementor-element elementor-element-166113fb e-con-full e-flex e-con e-child\" data-id=\"166113fb\" data-element_type=\"container\">\n\t\t\t\t<div class=\"elementor-element elementor-element-4cae4561 elementor-widget elementor-widget-heading\" data-id=\"4cae4561\" data-element_type=\"widget\" data-widget_type=\"heading.default\">\n\t\t\t\t<div class=\"elementor-widget-container\">\n\t\t\t<h4 class=\"elementor-heading-title elementor-size-default\">M\u00e1s Tecnolog\u00edas<\/h4>\t\t<\/div>\n\t\t\t\t<\/div>\n\t\t\t\t<div class=\"elementor-element elementor-element-2e49232d animated-slow e-transform elementor-invisible elementor-widget elementor-widget-eael-image-accordion\" data-id=\"2e49232d\" data-element_type=\"widget\" data-settings=\"{&quot;_animation&quot;:&quot;zoomIn&quot;,&quot;_transform_rotateZ_effect_hover&quot;:{&quot;unit&quot;:&quot;px&quot;,&quot;size&quot;:&quot;&quot;,&quot;sizes&quot;:[]},&quot;_transform_rotateZ_effect_hover_tablet&quot;:{&quot;unit&quot;:&quot;deg&quot;,&quot;size&quot;:&quot;&quot;,&quot;sizes&quot;:[]},&quot;_transform_rotateZ_effect_hover_mobile&quot;:{&quot;unit&quot;:&quot;deg&quot;,&quot;size&quot;:&quot;&quot;,&quot;sizes&quot;:[]}}\" data-widget_type=\"eael-image-accordion.default\">\n\t\t\t\t<div class=\"elementor-widget-container\">\n\t\t\t    <div class=\"eael-img-accordion accordion-direction-horizontal eael-img-accordion-horizontal-align-center eael-img-accordion-vertical-align-center\" id=\"eael-img-accordion-2e49232d\" data-img-accordion-id=\"2e49232d\" data-img-accordion-type=\"on-hover\">\n                    \n            <div class=\"eael-image-accordion-hover eael-image-accordion-item\" style=\"background-image: url(https:\/\/itesut.edu.ec\/wp-content\/uploads\/2024\/05\/MAESTRIA-TRANSPORTE-08.png);\"  tabindex=\"0\">\n                <div class=\"overlay\">\n                    <div class=\"overlay-inner \">\n                                                    <p><h3><a href=\"https:\/\/itesut.edu.ec\/?page_id=2402\"><span style=\"color: #ffffff;\"><strong>T\u00e9cnico Superior<\/strong><\/span><\/a><br \/><span style=\"color: #ffffff;\"><strong>En Enfermer\u00eda<\/strong><\/span><\/h3><\/p>\n                                            <\/div>\n                <\/div>\n            <\/div>\n                    \n            <div class=\"eael-image-accordion-hover eael-image-accordion-item\" style=\"background-image: url(https:\/\/itesut.edu.ec\/wp-content\/uploads\/2024\/05\/MAESTRIA-TRANSPORTE-09.png);\"  tabindex=\"0\">\n                <div class=\"overlay\">\n                    <div class=\"overlay-inner \">\n                                                    <p><h3><a href=\"https:\/\/itesut.edu.ec\/?page_id=2418\"><span style=\"color: #ffffff;\"><strong>Tecnolog\u00eda<\/strong><\/span><\/a><br \/><span style=\"color: #ffffff;\"><strong>Comercio Exterior<\/strong><\/span><\/h3><\/p>\n                                            <\/div>\n                <\/div>\n            <\/div>\n                    \n            <div class=\"eael-image-accordion-hover eael-image-accordion-item\" style=\"background-image: url(https:\/\/itesut.edu.ec\/wp-content\/uploads\/2024\/05\/MAESTRIA-TRANSPORTE-10.png);\"  tabindex=\"0\">\n                <div class=\"overlay\">\n                    <div class=\"overlay-inner \">\n                                                    <p><h3><a href=\"https:\/\/itesut.edu.ec\/?page_id=2382\"><span style=\"color: #ffffff;\"><strong>Tecnolog\u00eda En<\/strong><\/span><\/a><br \/><span style=\"color: #ffffff;\"><strong>Mec\u00e1nica Automotriz<\/strong><\/span><\/h3><\/p>\n                                            <\/div>\n                <\/div>\n            <\/div>\n                    \n            <div class=\"eael-image-accordion-hover eael-image-accordion-item\" style=\"background-image: url(https:\/\/itesut.edu.ec\/wp-content\/uploads\/2024\/05\/ITESUT-INICIO-22.png);\"  tabindex=\"0\">\n                <div class=\"overlay\">\n                    <div class=\"overlay-inner \">\n                                                    <p><h3><a href=\"https:\/\/itesut.edu.ec\/?page_id=2417\"><strong><span style=\"color: #ffffff;\">Marketing Digital y Comercio Exterior<\/span><\/strong><\/a><\/h3><\/p>\n                                            <\/div>\n                <\/div>\n            <\/div>\n                <\/div>\n        <style typr=\"text\/css\">\n                    #eael-img-accordion-2e49232d .eael-image-accordion-hover:hover {\n                        flex: 3 1 0% !important;\n                    }\n                    #eael-img-accordion-2e49232d .eael-image-accordion-hover:hover:hover .overlay-inner * {\n                        opacity: 1;\n                        visibility: visible;\n                        transform: none;\n                        transition: all .3s .3s;\n                    }\n                <\/style>\t\t<\/div>\n\t\t\t\t<\/div>\n\t\t\t\t<\/div>\n\t\t\t\t\t<\/div>\n\t\t\t\t<\/div>\n\t\t\t\t<\/div>\n\t\t","protected":false},"excerpt":{"rendered":"<p>TECNOLOG\u00cdA EN MARKETING DIGITAL Y COMERCIO ELECTR\u00d3NICO Duraci\u00f3n:2 a\u00f1os (4 semestres) Modalidad:100% online \u00a0 Matriculaci\u00f3n en l\u00ednea aqu\u00ed \u00a0 Pagos en l\u00ednea aqu\u00ed \u00a0 Consultas whatsapp INFORMACI\u00d3N REQUISITOS PROGRAMA DE VALIDACI\u00d3N MALLA CURRICULAR Considerando su naturaleza vanguardista, el ITESUT abre las puertas a una nueva carrera que permitir\u00e1 formar profesionales en una de las \u00e1reas [&hellip;]<\/p>\n","protected":false},"author":1,"featured_media":0,"parent":0,"menu_order":0,"comment_status":"closed","ping_status":"closed","template":"","meta":{"_uag_custom_page_level_css":"","site-sidebar-layout":"no-sidebar","site-content-layout":"page-builder","ast-site-content-layout":"full-width-container","site-content-style":"default","site-sidebar-style":"default","ast-global-header-display":"","ast-banner-title-visibility":"","ast-main-header-display":"","ast-hfb-above-header-display":"","ast-hfb-below-header-display":"","ast-hfb-mobile-header-display":"","site-post-title":"disabled","ast-breadcrumbs-content":"","ast-featured-img":"disabled","footer-sml-layout":"","theme-transparent-header-meta":"","adv-header-id-meta":"","stick-header-meta":"","header-above-stick-meta":"","header-main-stick-meta":"","header-below-stick-meta":"","astra-migrate-meta-layouts":"default","ast-page-background-enabled":"default","ast-page-background-meta":{"desktop":{"background-color":"var(--ast-global-color-4)","background-image":"","background-repeat":"repeat","background-position":"center center","background-size":"auto","background-attachment":"scroll","background-type":"","background-media":"","overlay-type":"","overlay-color":"","overlay-opacity":"","overlay-gradient":""},"tablet":{"background-color":"","background-image":"","background-repeat":"repeat","background-position":"center center","background-size":"auto","background-attachment":"scroll","background-type":"","background-media":"","overlay-type":"","overlay-color":"","overlay-opacity":"","overlay-gradient":""},"mobile":{"background-color":"","background-image":"","background-repeat":"repeat","background-position":"center center","background-size":"auto","background-attachment":"scroll","background-type":"","background-media":"","overlay-type":"","overlay-color":"","overlay-opacity":"","overlay-gradient":""}},"ast-content-background-meta":{"desktop":{"background-color":"var(--ast-global-color-5)","background-image":"","background-repeat":"repeat","background-position":"center center","background-size":"auto","background-attachment":"scroll","background-type":"","background-media":"","overlay-type":"","overlay-color":"","overlay-opacity":"","overlay-gradient":""},"tablet":{"background-color":"var(--ast-global-color-5)","background-image":"","background-repeat":"repeat","background-position":"center center","background-size":"auto","background-attachment":"scroll","background-type":"","background-media":"","overlay-type":"","overlay-color":"","overlay-opacity":"","overlay-gradient":""},"mobile":{"background-color":"var(--ast-global-color-5)","background-image":"","background-repeat":"repeat","background-position":"center center","background-size":"auto","background-attachment":"scroll","background-type":"","background-media":"","overlay-type":"","overlay-color":"","overlay-opacity":"","overlay-gradient":""}},"footnotes":""},"class_list":["post-2417","page","type-page","status-publish","hentry"],"uagb_featured_image_src":{"full":false,"thumbnail":false,"medium":false,"medium_large":false,"large":false,"1536x1536":false,"2048x2048":false,"woocommerce_thumbnail":false,"woocommerce_single":false,"woocommerce_gallery_thumbnail":false,"dgwt-wcas-product-suggestion":false},"uagb_author_info":{"display_name":"lmhf","author_link":"https:\/\/itesut.edu.ec\/?author=1"},"uagb_comment_info":0,"uagb_excerpt":"TECNOLOG\u00cdA EN MARKETING DIGITAL Y COMERCIO ELECTR\u00d3NICO Duraci\u00f3n:2 a\u00f1os (4 semestres) Modalidad:100% online \u00a0 Matriculaci\u00f3n en l\u00ednea aqu\u00ed \u00a0 Pagos en l\u00ednea aqu\u00ed \u00a0 Consultas whatsapp INFORMACI\u00d3N REQUISITOS PROGRAMA DE VALIDACI\u00d3N MALLA CURRICULAR Considerando su naturaleza vanguardista, el ITESUT abre las puertas a una nueva carrera que permitir\u00e1 formar profesionales en una de las \u00e1reas&hellip;","_links":{"self":[{"href":"https:\/\/itesut.edu.ec\/index.php?rest_route=\/wp\/v2\/pages\/2417","targetHints":{"allow":["GET"]}}],"collection":[{"href":"https:\/\/itesut.edu.ec\/index.php?rest_route=\/wp\/v2\/pages"}],"about":[{"href":"https:\/\/itesut.edu.ec\/index.php?rest_route=\/wp\/v2\/types\/page"}],"author":[{"embeddable":true,"href":"https:\/\/itesut.edu.ec\/index.php?rest_route=\/wp\/v2\/users\/1"}],"replies":[{"embeddable":true,"href":"https:\/\/itesut.edu.ec\/index.php?rest_route=%2Fwp%2Fv2%2Fcomments&post=2417"}],"version-history":[{"count":58,"href":"https:\/\/itesut.edu.ec\/index.php?rest_route=\/wp\/v2\/pages\/2417\/revisions"}],"predecessor-version":[{"id":5382,"href":"https:\/\/itesut.edu.ec\/index.php?rest_route=\/wp\/v2\/pages\/2417\/revisions\/5382"}],"wp:attachment":[{"href":"https:\/\/itesut.edu.ec\/index.php?rest_route=%2Fwp%2Fv2%2Fmedia&parent=2417"}],"curies":[{"name":"wp","href":"https:\/\/api.w.org\/{rel}","templated":true}]}}